{"id":97,"date":"2026-03-21T21:55:16","date_gmt":"2026-03-21T20:55:16","guid":{"rendered":"https:\/\/dojokiryoku.nl\/?page_id=97"},"modified":"2026-03-21T23:07:46","modified_gmt":"2026-03-21T22:07:46","slug":"jodo","status":"publish","type":"page","link":"https:\/\/dojokiryoku.nl\/?page_id=97","title":{"rendered":"Jodo"},"content":{"rendered":"<p>Over het ontstaan van Jodo doen zoveel verhalen de ronde dat een precieze weergave van de feiten niet meer mogelijk is.<\/p>\n<p>Het gebruik van de middellange stok (circa 130cm) vind je onder andere in klassieke jujutsu ryu, zoals de Shosho ryu,maar het is duidelijk dat die stoktechnieken niet zo hoog ontwikkeld zijn als de SHINDO MUSO RYU JODO technieken.<\/p>\n<p>Muso Gonnosuke (eigenlijk Hirano Kempei) wordt algemeen beschouwd als de stichter van het jodo. Hij was een meesterzwaardvechter in de lijn van de Katori Shinto Ryu en was \u00e9\u00e9n van de beste zwaardvechters van zijn tijd. Hij werd de zevende hoofdmeester van de Katori Shinto Ryu en doorgrondde daarnaast ook nog de geheimen van de Kashima Shin Ryu (zwaardtechnieken).<\/p>\n<p>De reden voor het ontwikkelen van Jodo lag in het feit dat hij in een duel met kensei (zwaardheilige) Miyamoto Musashi verslagen werd.<\/p>\n<p>Over zijn ontmoeting met Miyamoto Musashi doen verschillende verhalen de ronde, drie versies ervan worden hieronder beschreven.<\/p>\n<p><strong>Versie uit Shimizu Takaji\u2019s \u201cJODO KYOHON\u201d (jodoleerboek).<\/strong><\/p>\n<p>In de tijd dat Muso Gonnosuke in Edo (het huidige Tokio) verbleef, vocht hij vele duels uit met beroemde zwaardvechters en verloor niet eenmaal. Op zekere dag kwam het tot een duel met Miyamoto Musashi. In dat duel viel hij Miyamoto Musashi\u2019s jujidome (gekruiste wering met twee zwaarden) aan, maar hij kon noch vooruit, noch achteruit bewegen en werd door Musashi verslagen.<\/p>\n<p>Daarop trok Gonnosuke het land door om zich verder in de krijgskunsten te bekwamen (musa shugyo) en zijn gedachten waren verguld van slechts een ding: \u201cHoe kan ik Musashi\u2019s jujidome verslaan?\u201d.<\/p>\n<p>Na enkele jaren kwam hij in de huidige Fukuoka prefektuur aan, waar hij een heilige berg beklom en zich in contemplatie terugtrok. Na zevenendertig dagen verscheen een kind in een droom en gaf hem een orakel: \u201cNeem een ronde houten stok en denk aan suigetsu (plexus solaris)\u201d. Daarop maakte hij een hardhouten stok van vier shaku, twee sun en een bun (128cm) met een doorsnede van acht bun (26mm). Met dit wapen combineerde hij de technieken van het kenjutsu (zwaard), sojutsu (speer) en naginata jutsu (hellebaard) en versloeg daarmee de jujidome van Musashi.<\/p>\n<p>Daarna kwam hij in dienst van de Kuroda Han (Japan was in die tijd opgedeeld in Han, een soort provincie met behoorlijke zelfstandigheid), waar hij het jodo aan tientallen leerlingen onderwees.<\/p>\n<p><strong>Versie uit Hamaji Koichi\u2019s \u201cSHINDO MUSO RYU JO en haar traditie\u201d<\/strong><\/p>\n<p>Muso Gonnosuke wordt in enkele klassieke werken genoemd als een onge\u00ebvenaard zwaardvechter (muso, geschreven met ander karakters kan ook \u201conge\u00ebvenaard\u201d betekenen).<\/p>\n<p>In het klassieke werk \u201cKaijo no Monogatari\u201d (verhalen van op de zee) is een verhaal opgenomen waarin een monnik die de oversteek maakt van Nagasaki naar Satsuma, aan zijn medepassagiers een boeddhistisch verhaal vertelt over de ontmoeting tussen Gonnosuke en Musashi.<\/p>\n<p>In dit verhaal wordt Gonnosuke beschreven als een ongelovige, brute kracht die een enorm houten zwaard met zich meedroeg en altijd vergezeld ging van acht van zijn leerlingen. Op zijn \u201chaori\u201d(Japanse overjas) had hij in goudkleurige karakters geschreven: \u201cDe in heel Japan onge\u00ebvenaarde Gonnosuke\u201d. Het duel met de gelovige en reeds verlichte Musashi wordt als volgt beschreven: \u201cIn het begin slaagde Gonnosuke erin de mouw van Musashi lichtjes aan te raken maar daarop werd hij door Musashi in het nauw gedreven en geslagen op het punt tussen de wenkbrauwen.<\/p>\n<p>Na dit duel kwam Gonnosuke tot inkeer en werd hij de volgeling van Musashi. Musashi had het volgende te zeggen over de heidense Gonnosuke: \u201cHoe sterk iemand ook is, hij die de kracht van de wet van Boeddha niet bezit, zal uiteindelijk op het schavot belanden en vergeten worden\u201d. Gonnosuke, die ook wel \u201cde meest ongelovige man van het land\u201d werd genoemd, werd bekeerd en zo veranderden zijn gedachten over vechtkunst volledig.<\/p>\n<p>In die tijd verkeerde Japan in een overgangsfase van een periode van oorlog en chaos naar een periode van vrede en stabiliteit.<br \/>\nDeze lange periode van vrede, de zogenaamde Edo tijd (1600-1868) volgde op de slag bij Sekigahara (1600) en het winter- en zomerbeleg op het kasteel van Osaka (1614-1615).<br \/>\nWat er in die tijd omging in het hoofd van de bekeerde Gonnosuke, staat duidelijk beschreven in de schriftelijke overleveringen van de SHINDO MUSO RYU.<br \/>\nUit de \u201cShomokuroku\u201d blijkt dat Gonnosuke vond dat in Japan, het land der Goden, een vechtmethode (heiho) die tot doel had mensen te doden, geen heiho van het land der Goden kon zijn. Hij wilde een heiho bedenken die het eigen lichaam beschermde tegen een zwaard en toch de tegenstander niet zou doden. Zo kwam het jodo tot stand en Gonnosuke was ervan overtuigd, dat juist zijn methode de ideale Japanse Bujutsu weergaf.<\/p>\n<p>Hirano Jiro geeft dat idee in een gedicht als volgt weer: \u201cKIZU TSUKEZU, HITO O KORASHITE IMASHIMURU, OSHIE WA JO NO HOKA YA WA ARU\u201d (mensen kastijden zonder ze te verwonden, niets is zo\u2019n goed leermiddel als de jo).<\/p>\n<p><strong>Derde versie uit \u201cMUSASJI\u201d door Yoshikawa Eiji (1892-1962).<\/strong><\/p>\n<p>De 3de versie is misschien historisch niet zo verantwoord, maar het is wel de versie die de meeste Japanners kennen. Yoshikawa Eiji, een van de bekendste Japanse romanschrijvers uit de twintigste eeuw, beschrijft de ontmoeting tussen Gonnosuke en Musashi in zijn boek \u201cMiyamoto Musashi\u201d, dat model stond voor vele films en televisie-series en dus bij de meeste Japanners bekend is. In Yoshikawa\u2019s boek woont Gonnosuke samen met zijn moeder op het platteland. Per abuis beschuldigt Musashi hem ervan zijn geliefde te hebben ontvoerd, waarop het tot een gevecht komt. Al vloekend valt de met een stok bewapende Gonnosuke, Musashi aan en na een moeizaam verlopen gevecht weet Musashi, Gonnosuke te overmeesteren. Het komt nogmaals tot een duel waarbij Musashi lijkt te winnen, maar na afloop blijkt hij een wond op zijn plexus solaris te hebben. Musashi en Gonnosuke geven beiden toe dat ze verloren hebben en veel geleerd hebben.<\/p>\n<table style=\"border-collapse: collapse; width: 100%; height: 265px;\">\n<tbody>\n<tr style=\"height: 288px;\">\n<td title=\"Shimizu sensei\"><img loading=\"lazy\" decoding=\"async\" class=\"aligncenter\" src=\"https:\/\/dojokiryoku.nl\/wp-content\/uploads\/2014\/07\/shimizu-sensei-Jodo.jpg\" sizes=\"auto, (max-width:479px) 479px, 100vw\" srcset=\"https:\/\/www.dojokiryoku.nl\/wp-content\/uploads\/2014\/07\/shimizu-sensei-Jodo.jpg 479w, https:\/\/www.dojokiryoku.nl\/wp-content\/uploads\/2014\/07\/shimizu-sensei-Jodo.jpg 480w\" alt=\"Shimizu sensei\" width=\"196\" height=\"243\" \/><\/td>\n<td style=\"width: 33.3333%; height: 255px;\"><a title=\"Ishido Sadataro sensei\" href=\"https:\/\/dojokiryoku.nl\/wp-content\/uploads\/2014\/07\/ishido-sadataro-sensei.jpg\"><img loading=\"lazy\" decoding=\"async\" class=\"aligncenter\" src=\"https:\/\/dojokiryoku.nl\/wp-content\/uploads\/2014\/07\/ishido-sadataro-sensei.jpg\" sizes=\"auto, (max-width:479px) 479px, 100vw\" srcset=\"https:\/\/www.dojokiryoku.nl\/wp-content\/uploads\/2014\/07\/ishido-sadataro-sensei.jpg 479w, https:\/\/www.dojokiryoku.nl\/wp-content\/uploads\/2014\/07\/ishido-sadataro-sensei.jpg 480w\" alt=\"Ishido Sadataro sensei\" width=\"194\" height=\"248\" \/><\/a><\/td>\n<td style=\"width: 33.3333%; height: 255px;\"><a title=\"Hiroi sensei\" href=\"https:\/\/dojokiryoku.nl\/wp-content\/uploads\/images\/hiroi-sensei.jpg\"><img loading=\"lazy\" decoding=\"async\" class=\"aligncenter\" src=\"https:\/\/dojokiryoku.nl\/wp-content\/uploads\/images\/hiroi-sensei.jpg\" alt=\"Hiroi sensei\" width=\"258\" height=\"189\" \/><\/a><\/td>\n<\/tr>\n<tr style=\"height: 20px;\">\n<td><strong>Shimizi sensei<\/strong><\/td>\n<td style=\"text-align: center;\"><strong>Ishido Sadataro sensei<\/strong><\/td>\n<td style=\"width: 33.3333%; height: 10px; text-align: center;\"><strong>Hiroi sensei<\/strong><\/td>\n<\/tr>\n<\/tbody>\n<\/table>\n<h2>Karakteristieken van het Jodo<\/h2>\n<p><strong>Het is niet alleen Jodo dat de klok slaat<\/strong><br \/>\nVoor het behalen van het Shindo Muso Ryu jodo menkyo (het hoogst haalbare diploma), is niet alleen kennis van het jodo vereist. Zoals in zoveel andere ryu-ha (scholen) is er sprake van fuzoku budo (budo \u201cdie erbij horen\u201d).<br \/>\nIn het geval van SHINDO MUSO RYU JO bestaat deze FUZOKU BUDO uit:<\/p>\n<ul>\n<li>SHINTO RYU KENJUTSU (zwaardvechten)<\/li>\n<li>IKKAKU RYU JITTE JUTSU (de jitte is een metalen staf met 1 haakvormig uitsteeksel)<\/li>\n<li>UCHIDA RYU TANJO JUTSU (korte stok)<\/li>\n<li>ISSHIN RYU KUSARIGAMA JUTSU (de kusarigama is een sikkel waaraan een touw of ketting bevestigd is, verzwaard met een balletje)<\/li>\n<li>ITTASU RYU HOJO JUTSU (het vastbinden van een tegenstander)<\/li>\n<\/ul>\n<p>Het Ikkaku Jitte jutsu, waarvan Shimizu Sensei tevens de hoofdmeester was, stond model voor het keibo soho en het tokushu keibo soho: korte staf en uitschuifbare staf technieken.<br \/>\nZowel bij het keijo jutsu als bij keibo soho is kennis van de zwakke plekken van het menselijk lichaam, de zogenaamde kyusho, van groot belang. Daarnaast spelen inzicht in afstand (maai) en het wegdraaien met het lichaam (taisabaki) een grote rol.<\/p>\n<p>\u201cMOTOBA TACHI, TSUKEBA YARI, HARAEBA NAGINATA\u201d. Dat wil zeggen, als je de jo vasthoudt is het een zwaard, als je ermee steekt is het een speer en als je ermee slaat is het een naginata (hellebaard). Gonnosuke combineerde de technieken van drie wapens en gaf het de naam SHINDO MUSO RYU JO.<\/p>\n<p><strong>Wat maakt een jo nu toch zo een bijzonder wapen?<\/strong><br \/>\nOp het eerste gezicht is het niet meer dan een stok, maar als je de jo beweegt wordt het een zwaard, speer of hellebaard. Omdat een jo geen voor- en achterkant heeft en je alle technieken zowel links als rechts kan doen, is het aantal toepassingen oneindig. Door training moet je de jo leren gebruiken als je eigen ledematen. Met de jo wordt in het algemeen gestoken of geslagen naar de zogenaamde \u201ckyusho\u201d, de zwakke plekken op het menselijk lichaam. De belangrijkste atemi (plaatsen waarnaar geslagen wordt) in de SHINDO MUSO RYU zijn:<\/p>\n<p>TENDO \u2013 Boven op het hoofd<br \/>\nODORIKO \u2013 Tussen tendo en kasumi<br \/>\nKASUMI \u2013 Slaap<br \/>\nUTO \u2013 Midden tussen de ogen<br \/>\nINCHU \u2013 Vlak onder de neus<br \/>\nSUIGETSU \u2013 Plexus solaris<br \/>\nINAZUMA \u2013 De zij, vlak onder het heupbeen (ook wel \u201chibara\u201d genoemd)<br \/>\nKUROBUSHI \u2013 Enkel<\/p>\n<p>Omdat slaan of steken naar deze punten innerlijke bloedingen of bewustzijnsverlies kan veroorzaken, moet er tijdens de training nauwkeurig gecontroleerd geslagen worden.<\/p>\n<div class=\"et_pb_gallery_image landscape\"><a title=\"Richard boel en Jef heuvelmans\" href=\"https:\/\/dojokiryoku.nl\/wp-content\/uploads\/images\/richard-boel-en-jef-heuvelmans1.jpg\"><img loading=\"lazy\" decoding=\"async\" class=\"alignnone\" src=\"https:\/\/dojokiryoku.nl\/wp-content\/uploads\/images\/richard-boel-en-jef-heuvelmans1.jpg\" alt=\"Richard boel en Jef heuvelmans\" width=\"379\" height=\"284\" \/><\/a><a title=\"Ren\u00e9\" href=\"https:\/\/dojokiryoku.nl\/wp-content\/uploads\/images\/image022.jpg\"><img loading=\"lazy\" decoding=\"async\" class=\"alignright\" src=\"https:\/\/dojokiryoku.nl\/wp-content\/uploads\/images\/image022.jpg\" sizes=\"auto, (max-width:479px) 479px, 100vw\" srcset=\"https:\/\/www.dojokiryoku.nl\/wp-content\/uploads\/images\/image022.jpg, https:\/\/www.dojokiryoku.nl\/wp-content\/uploads\/images\/image022.jpg\" alt=\"Ren\u00e9\" width=\"367\" height=\"276\" \/><\/a><\/div>\n<h3 class=\"et_pb_gallery_title\">Richard boel en Jef heuvelmans\u00a0 \u00a0 \u00a0 \u00a0 \u00a0 \u00a0 \u00a0 \u00a0 \u00a0 \u00a0 \u00a0 \u00a0 \u00a0 \u00a0 \u00a0 \u00a0 \u00a0 \u00a0 \u00a0 \u00a0 \u00a0 Louis Vitalis en Ren\u00e9 van Amersfoort<\/h3>\n<div class=\"et_pb_divider_internal\">Ontstaan Zen Nihon Kendo Renme seitei Jodo kata (ZNKR)<\/div>\n<p>De kata van de traditionele Shindo Muso Ryu Jojutsu zijn ingedeeld in groepen.<br \/>\nDeze groepen zijn:<\/p>\n<p>OMOTE WAZA \u2013 12 kata<br \/>\nCHUDAN WAZA \u2013 12 kata<br \/>\nRANAI WAZA \u2013 2 kata, \u00e9\u00e9n met lang en \u00e9\u00e9n met kort zwaard<br \/>\nKAGE WAZA \u2013 12 kata<br \/>\nSAMIDARE WAZA \u2013 6 kata<br \/>\nGOHON NO MIDARE \u2013 5 kata<br \/>\nOKUDEN \u2013 14 kata<br \/>\nGOMUSE NO JO \u2013of- HITSUDEN GOKUI \u2013 5 kata<br \/>\nWat de laatste twee groepen betreft: pas na vele jaren training onder leiding van een Sensei die het hoogste jodo diploma bezit, worden deze kata aan de jodoka onderwezen. De vijf kata van de Hitsuden gokui (lett.: verborgen diepste betekenis c.g. geheime overlevering) worden alleen onderwezen aan degene die het hoogste jodo diploma ontvangt. Bij die gelegenheid sluit de hoofdmeester zich met zijn leerling op in de dojo, blindeert alle ramen en doet de deuren op slot, waarna hij deze vijf geheime kata onderwijst. Volgens HIROI Sensei zijn er nog maar vier mensen in Japan die deze geheime kata kennen, waaronder hijzelf. Hij vertelde dat na 42 jaar harde training (vier a vijf keer per week) SHIMIZU Sensei de tijd rijp achtte om aan hem en YONENO Sensei de geheimen van het jodo te openbaren!<\/p>\n","protected":false},"excerpt":{"rendered":"<p>Over het ontstaan van Jodo doen zoveel verhalen de ronde dat een precieze weergave van de feiten niet meer mogelijk is. Het gebruik van de middellange stok (circa 130cm) vind je onder andere in klassieke jujutsu ryu, zoals de Shosho ryu,maar het is duidelijk dat die stoktechnieken niet zo hoog ontwikkeld zijn als de SHINDO [&hellip;]<\/p>\n","protected":false},"author":1,"featured_media":0,"parent":0,"menu_order":0,"comment_status":"closed","ping_status":"closed","template":"","meta":{"footnotes":""},"class_list":["post-97","page","type-page","status-publish","hentry","post"],"_links":{"self":[{"href":"https:\/\/dojokiryoku.nl\/index.php?rest_route=\/wp\/v2\/pages\/97","targetHints":{"allow":["GET"]}}],"collection":[{"href":"https:\/\/dojokiryoku.nl\/index.php?rest_route=\/wp\/v2\/pages"}],"about":[{"href":"https:\/\/dojokiryoku.nl\/index.php?rest_route=\/wp\/v2\/types\/page"}],"author":[{"embeddable":true,"href":"https:\/\/dojokiryoku.nl\/index.php?rest_route=\/wp\/v2\/users\/1"}],"replies":[{"embeddable":true,"href":"https:\/\/dojokiryoku.nl\/index.php?rest_route=%2Fwp%2Fv2%2Fcomments&post=97"}],"version-history":[{"count":6,"href":"https:\/\/dojokiryoku.nl\/index.php?rest_route=\/wp\/v2\/pages\/97\/revisions"}],"predecessor-version":[{"id":111,"href":"https:\/\/dojokiryoku.nl\/index.php?rest_route=\/wp\/v2\/pages\/97\/revisions\/111"}],"wp:attachment":[{"href":"https:\/\/dojokiryoku.nl\/index.php?rest_route=%2Fwp%2Fv2%2Fmedia&parent=97"}],"curies":[{"name":"wp","href":"https:\/\/api.w.org\/{rel}","templated":true}]}}